{"id":1795,"date":"2014-04-30T10:54:05","date_gmt":"2014-04-30T10:54:05","guid":{"rendered":"https:\/\/www.elredall.com\/?page_id=1795"},"modified":"2014-04-30T10:54:20","modified_gmt":"2014-04-30T10:54:20","slug":"condiciones-generales-y-normativa-de-alquiler-y-uso-de-las-casas-rurales","status":"publish","type":"page","link":"https:\/\/www.elredall.com\/es\/condiciones-generales-y-normativa-de-alquiler-y-uso-de-las-casas-rurales\/","title":{"rendered":"Condiciones generales y normativa de alquiler y uso de las casas rurales"},"content":{"rendered":"<div class=\"page\" title=\"Page 1\">\n<div class=\"section\">\n<div class=\"layoutArea\">\n<div class=\"column\">\n<p><span style=\"color: rgb(10.196080%, 10.196080%, 10.196080%);\">Las siguientes normas y condiciones se deber\u00e1n respetar en todos sus puntos des del momento en que se efect\u00faa la reserva, en la entrada a la casa, durante la estancia y hasta la salida en cuesti\u00f3n. En caso contario el propietario de la casa se reserva el derecho de cancelar de inmediato la reserva o estancia a la casa, y su consecuente desocupaci\u00f3n inmediata, sin retorno del importe monetario bajo ning\u00fan concepto. <\/span><\/p>\n<p><span style=\"color: rgb(10.196080%, 10.196080%, 10.196080%);\">1. En el momento de realizar la reserva se facilitar\u00e1 el nombre y el tel\u00e9fono de contacto de la persona que efect\u00faa la reserva. Se har\u00e1 una paga y se\u00f1al del 25% del total de la reserva y el resto se abonar\u00e1 en el momento de entrada en la casa. <\/span><\/p>\n<p><span style=\"color: rgb(10.196080%, 10.196080%, 10.196080%);\">2. En las estancias de una semana o m\u00e1s, la hora de entrada ser\u00e1 a partir de las 17:00h y la salida antes de las 12:00h.<\/span><\/p>\n<p><span style=\"color: rgb(10.196080%, 10.196080%, 10.196080%);\"> 3. No est\u00e1 permitido el alojamiento de un nombre de personas mayor a la capacidad m\u00e1xima de la casa. Deber\u00e1 detallarse exactamente el n\u00famero de adultos, ni\u00f1os y menores de 2 a\u00f1os que se alojar\u00e1n en la casa durante los d\u00edas de estancia acordados en el momento de formalizar la reserva.<\/span><\/p>\n<p><span style=\"color: rgb(10.196080%, 10.196080%, 10.196080%);\"> 4. Se dispone de cunas para los menores de 2 a\u00f1os de edad. Su instalaci\u00f3n tendr\u00e1 un car\u00e1cter gratuito. <\/span><\/p>\n<p><span style=\"color: rgb(10.196080%, 10.196080%, 10.196080%);\">5. La casa dispone de cocina totalmente equipada, s\u00e1banas y toallas de ba\u00f1o. No se incluyen las toallas de piscina, si es el caso.<\/span><\/p>\n<p><span style=\"color: rgb(10.196080%, 10.196080%, 10.196080%);\"> 6. Los consumos de agua, electricidad y calefacci\u00f3n est\u00e1n incluidos en el precio total de la estancia y, por lo tanto, no est\u00e1 permitida la utilizaci\u00f3n de aparatos que alteren los consumos previstos de suministros. <\/span><\/p>\n<p><span style=\"color: rgb(10.196080%, 10.196080%, 10.196080%);\">7. Animales de compa\u00f1\u00eda: No todas las casas los admiten. En caso de admisi\u00f3n, har\u00e1 falta comunicarlo en cada caso al propietario de la casa, y el cliente se har\u00e1 responsable de cualquier incidencia, accidente o desperfecto que pueda surgir durante la estancia. <\/span><\/p>\n<p><span style=\"color: rgb(10.196080%, 10.196080%, 10.196080%);\">8. No est\u00e1 permitida la introducci\u00f3n de muebles, equipos de sonido y semejantes en la casa as\u00ed como la realizaci\u00f3n de cualquier tipo de obra.<\/span><\/p>\n<p><span style=\"color: rgb(10.196080%, 10.196080%, 10.196080%);\"> 9. No est\u00e1 permitida la utilizaci\u00f3n de la casa ni de su entorno paisaj\u00edstico para cualquier tipo de actividad diferente a la pactada. Tampoco se podr\u00e1n realizar actividades o conductas contrarias a la higiene o normal convivencia o que atenten contra el orden p\u00fablico. <\/span><\/p>\n<p><span style=\"color: rgb(10.196080%, 10.196080%, 10.196080%);\">10. El propietario no se har\u00e1 responsable de ning\u00fan tipo de objeto personal y\/o de valor, ni de veh\u00edculos propiedad del cliente que se puedan encontrar en la casa durante la estancia contratada, ni de su p\u00e9rdida, desaparici\u00f3n o robo.<\/span><\/p>\n<p><span style=\"color: rgb(10.196080%, 10.196080%, 10.196080%);\"> 11. Paga y se\u00f1al: la reserva no ser\u00e1 efectiva hasta que el cliente no haya efectuado el pago de un 25% del precio total de la estancia. <\/span><\/p>\n<p><span style=\"color: rgb(10.196080%, 10.196080%, 10.196080%);\">12. Condiciones de anulaci\u00f3n de la reserva: si una vez confirmada la reserva y hecha la paga y se\u00f1al, el cliente decide anularla, se le devolver\u00e1 la paga y se\u00f1al seg\u00fan lo siguiente: &#8211; 100% de la paga y se\u00f1al en caso de anulaci\u00f3n de la reserva con m\u00e1s de 30 d\u00edas de anticipaci\u00f3n a la fecha fijada para ocupar el alojamiento. &#8211; 50% de la paga y se\u00f1al en caso de anulaci\u00f3n de la reserva entres los 30 y 15 d\u00edas de anticipaci\u00f3n a la fecha fijada para ocupar el alojamiento. &#8211; No se devolver\u00e1 ning\u00fan porcentaje de la paga y se\u00f1al en caso de anulaci\u00f3n de la reserva con 15 d\u00edas o menos de anticipaci\u00f3n a la fecha fijada para ocupar el alojamiento. <\/span><\/p>\n<\/div>\n<\/div>\n<\/div>\n<\/div>\n<div class=\"page\" title=\"Page 2\">\n<div class=\"section\">\n<div class=\"layoutArea\">\n<div class=\"column\">\n<p><span style=\"color: rgb(10.196080%, 10.196080%, 10.196080%);\">13. El propietario se reserva el derecho de exigir al cliente una cantidad monetaria de un 25% del precio total de la estancia en concepto de fianza con respuesta a posibles deterioros del mobiliario y\/o utensilios, instalaciones, y equipamientos de la casa. El importe de esta fianza ser\u00e1 devuelto si no existen da\u00f1os. <\/span><\/p>\n<p><span style=\"color: rgb(10.196080%, 10.196080%, 10.196080%);\">14. Los horarios de entrada y salida de la casa en fines de semana o d\u00edas entre semana ser\u00e1n en cada caso a convenir.\u00a0<\/span><\/p>\n<\/div>\n<\/div>\n<\/div>\n<\/div>\n","protected":false},"excerpt":{"rendered":"<p>Las siguientes normas y condiciones se deber\u00e1n respetar en todos sus puntos des del momento en que se efect\u00faa la reserva, en la entrada a la casa, durante la estancia y hasta la salida en cuesti\u00f3n. En caso contario el propietario de la casa se reserva el derecho de cancelar de inmediato la reserva o [&hellip;]<\/p>\n","protected":false},"author":3,"featured_media":0,"parent":0,"menu_order":0,"comment_status":"open","ping_status":"open","template":"","meta":{"footnotes":""},"acf":[],"yoast_head":"<!-- This site is optimized with the Yoast SEO plugin v23.5 - https:\/\/yoast.com\/wordpress\/plugins\/seo\/ -->\n<title>Condiciones generales y normativa de alquiler y uso de las casas rurales  - El Redall<\/title>\n<meta name=\"robots\" content=\"index, follow, max-snippet:-1, max-image-preview:large, max-video-preview:-1\" \/>\n<link rel=\"canonical\" href=\"https:\/\/www.elredall.com\/es\/condiciones-generales-y-normativa-de-alquiler-y-uso-de-las-casas-rurales\/\" \/>\n<meta property=\"og:locale\" content=\"es_ES\" \/>\n<meta property=\"og:type\" content=\"article\" \/>\n<meta property=\"og:title\" content=\"Condiciones generales y normativa de alquiler y uso de las casas rurales  - El Redall\" \/>\n<meta property=\"og:description\" content=\"Las siguientes normas y condiciones se deber\u00e1n respetar en todos sus puntos des del momento en que se efect\u00faa la reserva, en la entrada a la casa, durante la estancia y hasta la salida en cuesti\u00f3n. En caso contario el propietario de la casa se reserva el derecho de cancelar de inmediato la reserva o [&hellip;]\" \/>\n<meta property=\"og:url\" content=\"https:\/\/www.elredall.com\/es\/condiciones-generales-y-normativa-de-alquiler-y-uso-de-las-casas-rurales\/\" \/>\n<meta property=\"og:site_name\" content=\"El Redall\" \/>\n<meta property=\"article:modified_time\" content=\"2014-04-30T10:54:20+00:00\" \/>\n<meta name=\"twitter:card\" content=\"summary_large_image\" \/>\n<meta name=\"twitter:label1\" content=\"Tiempo de lectura\" \/>\n\t<meta name=\"twitter:data1\" content=\"3 minutos\" \/>\n<script type=\"application\/ld+json\" class=\"yoast-schema-graph\">{\"@context\":\"https:\/\/schema.org\",\"@graph\":[{\"@type\":\"WebPage\",\"@id\":\"https:\/\/www.elredall.com\/es\/condiciones-generales-y-normativa-de-alquiler-y-uso-de-las-casas-rurales\/\",\"url\":\"https:\/\/www.elredall.com\/es\/condiciones-generales-y-normativa-de-alquiler-y-uso-de-las-casas-rurales\/\",\"name\":\"Condiciones generales y normativa de alquiler y uso de las casas rurales - El Redall\",\"isPartOf\":{\"@id\":\"https:\/\/www.elredall.com\/#website\"},\"datePublished\":\"2014-04-30T10:54:05+00:00\",\"dateModified\":\"2014-04-30T10:54:20+00:00\",\"breadcrumb\":{\"@id\":\"https:\/\/www.elredall.com\/es\/condiciones-generales-y-normativa-de-alquiler-y-uso-de-las-casas-rurales\/#breadcrumb\"},\"inLanguage\":\"es\",\"potentialAction\":[{\"@type\":\"ReadAction\",\"target\":[\"https:\/\/www.elredall.com\/es\/condiciones-generales-y-normativa-de-alquiler-y-uso-de-las-casas-rurales\/\"]}]},{\"@type\":\"BreadcrumbList\",\"@id\":\"https:\/\/www.elredall.com\/es\/condiciones-generales-y-normativa-de-alquiler-y-uso-de-las-casas-rurales\/#breadcrumb\",\"itemListElement\":[{\"@type\":\"ListItem\",\"position\":1,\"name\":\"Inici\",\"item\":\"https:\/\/www.elredall.com\/es\/\"},{\"@type\":\"ListItem\",\"position\":2,\"name\":\"Condiciones generales y normativa de alquiler y uso de las casas rurales\"}]},{\"@type\":\"WebSite\",\"@id\":\"https:\/\/www.elredall.com\/#website\",\"url\":\"https:\/\/www.elredall.com\/\",\"name\":\"El Redall\",\"description\":\"Turisme Rural al Ripoll\u00e9s\",\"potentialAction\":[{\"@type\":\"SearchAction\",\"target\":{\"@type\":\"EntryPoint\",\"urlTemplate\":\"https:\/\/www.elredall.com\/?s={search_term_string}\"},\"query-input\":{\"@type\":\"PropertyValueSpecification\",\"valueRequired\":true,\"valueName\":\"search_term_string\"}}],\"inLanguage\":\"es\"}]}<\/script>\n<!-- \/ Yoast SEO plugin. -->","yoast_head_json":{"title":"Condiciones generales y normativa de alquiler y uso de las casas rurales  - El Redall","robots":{"index":"index","follow":"follow","max-snippet":"max-snippet:-1","max-image-preview":"max-image-preview:large","max-video-preview":"max-video-preview:-1"},"canonical":"https:\/\/www.elredall.com\/es\/condiciones-generales-y-normativa-de-alquiler-y-uso-de-las-casas-rurales\/","og_locale":"es_ES","og_type":"article","og_title":"Condiciones generales y normativa de alquiler y uso de las casas rurales  - El Redall","og_description":"Las siguientes normas y condiciones se deber\u00e1n respetar en todos sus puntos des del momento en que se efect\u00faa la reserva, en la entrada a la casa, durante la estancia y hasta la salida en cuesti\u00f3n. En caso contario el propietario de la casa se reserva el derecho de cancelar de inmediato la reserva o [&hellip;]","og_url":"https:\/\/www.elredall.com\/es\/condiciones-generales-y-normativa-de-alquiler-y-uso-de-las-casas-rurales\/","og_site_name":"El Redall","article_modified_time":"2014-04-30T10:54:20+00:00","twitter_card":"summary_large_image","twitter_misc":{"Tiempo de lectura":"3 minutos"},"schema":{"@context":"https:\/\/schema.org","@graph":[{"@type":"WebPage","@id":"https:\/\/www.elredall.com\/es\/condiciones-generales-y-normativa-de-alquiler-y-uso-de-las-casas-rurales\/","url":"https:\/\/www.elredall.com\/es\/condiciones-generales-y-normativa-de-alquiler-y-uso-de-las-casas-rurales\/","name":"Condiciones generales y normativa de alquiler y uso de las casas rurales - El Redall","isPartOf":{"@id":"https:\/\/www.elredall.com\/#website"},"datePublished":"2014-04-30T10:54:05+00:00","dateModified":"2014-04-30T10:54:20+00:00","breadcrumb":{"@id":"https:\/\/www.elredall.com\/es\/condiciones-generales-y-normativa-de-alquiler-y-uso-de-las-casas-rurales\/#breadcrumb"},"inLanguage":"es","potentialAction":[{"@type":"ReadAction","target":["https:\/\/www.elredall.com\/es\/condiciones-generales-y-normativa-de-alquiler-y-uso-de-las-casas-rurales\/"]}]},{"@type":"BreadcrumbList","@id":"https:\/\/www.elredall.com\/es\/condiciones-generales-y-normativa-de-alquiler-y-uso-de-las-casas-rurales\/#breadcrumb","itemListElement":[{"@type":"ListItem","position":1,"name":"Inici","item":"https:\/\/www.elredall.com\/es\/"},{"@type":"ListItem","position":2,"name":"Condiciones generales y normativa de alquiler y uso de las casas rurales"}]},{"@type":"WebSite","@id":"https:\/\/www.elredall.com\/#website","url":"https:\/\/www.elredall.com\/","name":"El Redall","description":"Turisme Rural al Ripoll\u00e9s","potentialAction":[{"@type":"SearchAction","target":{"@type":"EntryPoint","urlTemplate":"https:\/\/www.elredall.com\/?s={search_term_string}"},"query-input":{"@type":"PropertyValueSpecification","valueRequired":true,"valueName":"search_term_string"}}],"inLanguage":"es"}]}},"_links":{"self":[{"href":"https:\/\/www.elredall.com\/es\/wp-json\/wp\/v2\/pages\/1795"}],"collection":[{"href":"https:\/\/www.elredall.com\/es\/wp-json\/wp\/v2\/pages"}],"about":[{"href":"https:\/\/www.elredall.com\/es\/wp-json\/wp\/v2\/types\/page"}],"author":[{"embeddable":true,"href":"https:\/\/www.elredall.com\/es\/wp-json\/wp\/v2\/users\/3"}],"replies":[{"embeddable":true,"href":"https:\/\/www.elredall.com\/es\/wp-json\/wp\/v2\/comments?post=1795"}],"version-history":[{"count":2,"href":"https:\/\/www.elredall.com\/es\/wp-json\/wp\/v2\/pages\/1795\/revisions"}],"predecessor-version":[{"id":1797,"href":"https:\/\/www.elredall.com\/es\/wp-json\/wp\/v2\/pages\/1795\/revisions\/1797"}],"wp:attachment":[{"href":"https:\/\/www.elredall.com\/es\/wp-json\/wp\/v2\/media?parent=1795"}],"curies":[{"name":"wp","href":"https:\/\/api.w.org\/{rel}","templated":true}]}}